{"id":1796,"date":"2023-12-29T10:05:25","date_gmt":"2023-12-29T13:05:25","guid":{"rendered":"https:\/\/des-slu.infd.edu.ar\/sitio\/?page_id=1796"},"modified":"2023-12-29T12:01:11","modified_gmt":"2023-12-29T15:01:11","slug":"noticias","status":"publish","type":"page","link":"https:\/\/des-slu.infd.edu.ar\/sitio\/noticias\/","title":{"rendered":"Noticias"},"content":{"rendered":"<style>.wp-show-posts-columns#wpsp-1808 {margin-left: -2em; }.wp-show-posts-columns#wpsp-1808 .wp-show-posts-inner {margin: 0 0 2em 2em; }<\/style><section id=\"wpsp-1808\" class=\" wp-show-posts-columns wp-show-posts\" style=\"\"><article class=\" wp-show-posts-single post-1814 post type-post status-publish format-standard has-post-thumbnail hentry category-mapa-de-institutos-de-formacion-docente category-noticias wpsp-col-4\" itemtype=\"http:\/\/schema.org\/CreativeWork\" itemscope><div class=\"wp-show-posts-inner\" style=\"\">\t\t<div class=\"wp-show-posts-image  wpsp-image-center \">\n\t\t\t<a href=\"https:\/\/des-slu.infd.edu.ar\/sitio\/el-ministro-de-educacion-participara-de-la-128a-asamblea-del-consejo-federal-de-educacion\/\"  title=\"El ministro de Educaci\u00f3n participar\u00e1 de la 128\u00aa Asamblea del Consejo Federal de Educaci\u00f3n\">\t\t\t\t\t<img src=\"https:\/\/des-slu.infd.edu.ar\/sitio\/wp-content\/uploads\/2023\/12\/Ministro-300x300.jpg\" alt=\"El ministro de Educaci\u00f3n participar\u00e1 de la 128\u00aa Asamblea del Consejo Federal de Educaci\u00f3n\" itemprop=\"image\" class=\"center\" \/>\n\t\t\t\t<\/a>\t\t<\/div>\n\t\t\t\t\t\t\t\t<header class=\"wp-show-posts-entry-header\">\n\t\t\t\t\t\t\t<h4 class=\"wp-show-posts-entry-title\" itemprop=\"headline\"><a href=\"https:\/\/des-slu.infd.edu.ar\/sitio\/el-ministro-de-educacion-participara-de-la-128a-asamblea-del-consejo-federal-de-educacion\/\" rel=\"bookmark\">El ministro de Educaci\u00f3n participar\u00e1 de la 128\u00aa Asamblea del Consejo Federal de Educaci\u00f3n<\/a><\/h4><div class=\"wp-show-posts-entry-meta wp-show-posts-entry-meta-below-title post-meta-inline\"><span class=\"wp-show-posts-posted-on wp-show-posts-meta\">\n\t\t\t\t\t<a href=\"https:\/\/des-slu.infd.edu.ar\/sitio\/el-ministro-de-educacion-participara-de-la-128a-asamblea-del-consejo-federal-de-educacion\/\" title=\"11:44 am\" rel=\"bookmark\"><time class=\"wp-show-posts-entry-date published\" datetime=\"2023-12-29T11:44:18-03:00\" itemprop=\"datePublished\">29 diciembre, 2023<\/time><time class=\"wp-show-posts-updated\" datetime=\"2023-12-29T12:07:08-03:00\" itemprop=\"dateModified\">29 diciembre, 2023<\/time><\/a>\n\t\t\t\t<\/span><\/div>\t\t\t\t\t\t<\/header><!-- .entry-header -->\n\t\t\t\t\t\t\t\t\t\t\t<div class=\"wp-show-posts-entry-content\" itemprop=\"text\">\n\t\t\t\t\t\t\t\n<p>Ser\u00e1 este jueves 21 y representa la \u00faltima del a\u00f1o y la primera en la que participar\u00e1 Guillermo Araujo desde que asumi\u00f3 hace apenas 10 d\u00edas. Junto con sus pares, abordar\u00e1 la agenda de trabajo para el a\u00f1o 2024. El encuentro se realizar\u00e1 en la Ciudad de Buenos Aires.  <a rel=\"noreferrer noopener\" href=\"https:\/\/agenciasanluis.com\/2023\/12\/19\/909897-el-ministro-de-educacion-participara-de-la-128a-asamblea-del-consejo-federal-de-educacion\/\" target=\"_blank\">[Leer m\u00e1s&#8230;]<\/a><\/p>\n\t\t\t\t\t\t<\/div><!-- .entry-content -->\n\t\t\t\t\t<\/div><!-- wp-show-posts-inner --><\/article><article class=\" wp-show-posts-single post-1812 post type-post status-publish format-standard has-post-thumbnail hentry category-mapa-de-institutos-de-formacion-docente category-noticias wpsp-col-4\" itemtype=\"http:\/\/schema.org\/CreativeWork\" itemscope><div class=\"wp-show-posts-inner\" style=\"\">\t\t<div class=\"wp-show-posts-image  wpsp-image-center \">\n\t\t\t<a href=\"https:\/\/des-slu.infd.edu.ar\/sitio\/en-el-2024-no-se-podra-pasar-de-ano-con-mas-de-3-materias-previas\/\"  title=\"En el 2024, no se podr\u00e1 pasar de a\u00f1o con m\u00e1s de 3 materias previas\">\t\t\t\t\t<img src=\"https:\/\/des-slu.infd.edu.ar\/sitio\/wp-content\/uploads\/2023\/12\/Ministerio-300x300.jpeg\" alt=\"En el 2024, no se podr\u00e1 pasar de a\u00f1o con m\u00e1s de 3 materias previas\" itemprop=\"image\" class=\"center\" \/>\n\t\t\t\t<\/a>\t\t<\/div>\n\t\t\t\t\t\t\t\t<header class=\"wp-show-posts-entry-header\">\n\t\t\t\t\t\t\t<h4 class=\"wp-show-posts-entry-title\" itemprop=\"headline\"><a href=\"https:\/\/des-slu.infd.edu.ar\/sitio\/en-el-2024-no-se-podra-pasar-de-ano-con-mas-de-3-materias-previas\/\" rel=\"bookmark\">En el 2024, no se podr\u00e1 pasar de a\u00f1o con m\u00e1s de 3 materias previas<\/a><\/h4><div class=\"wp-show-posts-entry-meta wp-show-posts-entry-meta-below-title post-meta-inline\"><span class=\"wp-show-posts-posted-on wp-show-posts-meta\">\n\t\t\t\t\t<a href=\"https:\/\/des-slu.infd.edu.ar\/sitio\/en-el-2024-no-se-podra-pasar-de-ano-con-mas-de-3-materias-previas\/\" title=\"11:44 am\" rel=\"bookmark\"><time class=\"wp-show-posts-entry-date published\" datetime=\"2023-12-29T11:44:00-03:00\" itemprop=\"datePublished\">29 diciembre, 2023<\/time><time class=\"wp-show-posts-updated\" datetime=\"2023-12-29T12:38:22-03:00\" itemprop=\"dateModified\">29 diciembre, 2023<\/time><\/a>\n\t\t\t\t<\/span><\/div>\t\t\t\t\t\t<\/header><!-- .entry-header -->\n\t\t\t\t\t\t\t\t\t\t\t<div class=\"wp-show-posts-entry-content\" itemprop=\"text\">\n\t\t\t\t\t\t\t\n<p>Para el ciclo 2024 continuar\u00e1 vigente la resoluci\u00f3n N\u00b0 34\/2012, que establece que los alumnos pueden pasar de a\u00f1o adeudando tres espacios curriculares del a\u00f1o anterior. La medida que busca reforzar el aprendizaje y la responsabilidad, para promover el a\u00f1o escolar. <a rel=\"noreferrer noopener\" href=\"https:\/\/agenciasanluis.com\/2023\/12\/17\/909682-en-el-2024-no-se-podra-pasar-de-ano-con-mas-de-3-materias-previas\/\" target=\"_blank\">[Leer m\u00e1s&#8230;]<\/a><\/p>\n\n\n\n<p><\/p>\n\t\t\t\t\t\t<\/div><!-- .entry-content -->\n\t\t\t\t\t<\/div><!-- wp-show-posts-inner --><\/article><article class=\" wp-show-posts-single post-1800 post type-post status-publish format-standard has-post-thumbnail hentry category-mapa-de-institutos-de-formacion-docente category-noticias wpsp-col-4\" itemtype=\"http:\/\/schema.org\/CreativeWork\" itemscope><div class=\"wp-show-posts-inner\" style=\"\">\t\t<div class=\"wp-show-posts-image  wpsp-image-center \">\n\t\t\t<a href=\"https:\/\/des-slu.infd.edu.ar\/sitio\/educacion-noticias\/\"  title=\"Calendario Escolar 2024: las clases comenzar\u00e1n el 26 de febrero\">\t\t\t\t\t<img src=\"https:\/\/des-slu.infd.edu.ar\/sitio\/wp-content\/uploads\/2023\/12\/Gobe-300x300.jpg\" alt=\"Calendario Escolar 2024: las clases comenzar\u00e1n el 26 de febrero\" itemprop=\"image\" class=\"center\" \/>\n\t\t\t\t<\/a>\t\t<\/div>\n\t\t\t\t\t\t\t\t<header class=\"wp-show-posts-entry-header\">\n\t\t\t\t\t\t\t<h4 class=\"wp-show-posts-entry-title\" itemprop=\"headline\"><a href=\"https:\/\/des-slu.infd.edu.ar\/sitio\/educacion-noticias\/\" rel=\"bookmark\">Calendario Escolar 2024: las clases comenzar\u00e1n el 26 de febrero<\/a><\/h4><div class=\"wp-show-posts-entry-meta wp-show-posts-entry-meta-below-title post-meta-inline\"><span class=\"wp-show-posts-posted-on wp-show-posts-meta\">\n\t\t\t\t\t<a href=\"https:\/\/des-slu.infd.edu.ar\/sitio\/educacion-noticias\/\" title=\"10:26 am\" rel=\"bookmark\"><time class=\"wp-show-posts-entry-date published\" datetime=\"2023-12-29T10:26:11-03:00\" itemprop=\"datePublished\">29 diciembre, 2023<\/time><time class=\"wp-show-posts-updated\" datetime=\"2023-12-29T12:26:34-03:00\" itemprop=\"dateModified\">29 diciembre, 2023<\/time><\/a>\n\t\t\t\t<\/span><\/div>\t\t\t\t\t\t<\/header><!-- .entry-header -->\n\t\t\t\t\t\t\t\t\t\t\t<div class=\"wp-show-posts-entry-content\" itemprop=\"text\">\n\t\t\t\t\t\t\t\n<p>El gobernador Claudio Poggi, junto con el ministro de Educaci\u00f3n, Guillermo Araujo, firm\u00f3 el decreto fijando el Calendario Escolar \u00danico del a\u00f1o 2024. El nuevo ciclo escolar comenzar\u00e1 el 26 de febrero y finalizar\u00e1 el 19 de diciembre, con un total de 192 d\u00edas de clases.<a href=\"https:\/\/agenciasanluis.com\/2023\/12\/15\/909562-calendario-escolar-2024-las-clases-comenzaran-el-26-de-febrero\/\" target=\"_blank\" rel=\"noreferrer noopener\">[Leer m\u00e1s&#8230;]<\/a><\/p>\n\n\n\n<p><\/p>\n\t\t\t\t\t\t<\/div><!-- .entry-content -->\n\t\t\t\t\t<\/div><!-- wp-show-posts-inner --><\/article><div class=\"wpsp-clear\"><\/div><\/section><!-- .wp-show-posts -->\n","protected":false},"excerpt":{"rendered":"","protected":false},"author":2034,"featured_media":0,"parent":0,"menu_order":0,"comment_status":"closed","ping_status":"closed","template":"","meta":[],"acf":[],"_links":{"self":[{"href":"https:\/\/des-slu.infd.edu.ar\/sitio\/wp-json\/wp\/v2\/pages\/1796"}],"collection":[{"href":"https:\/\/des-slu.infd.edu.ar\/sitio\/wp-json\/wp\/v2\/pages"}],"about":[{"href":"https:\/\/des-slu.infd.edu.ar\/sitio\/wp-json\/wp\/v2\/types\/page"}],"author":[{"embeddable":true,"href":"https:\/\/des-slu.infd.edu.ar\/sitio\/wp-json\/wp\/v2\/users\/2034"}],"replies":[{"embeddable":true,"href":"https:\/\/des-slu.infd.edu.ar\/sitio\/wp-json\/wp\/v2\/comments?post=1796"}],"version-history":[{"count":6,"href":"https:\/\/des-slu.infd.edu.ar\/sitio\/wp-json\/wp\/v2\/pages\/1796\/revisions"}],"predecessor-version":[{"id":1825,"href":"https:\/\/des-slu.infd.edu.ar\/sitio\/wp-json\/wp\/v2\/pages\/1796\/revisions\/1825"}],"wp:attachment":[{"href":"https:\/\/des-slu.infd.edu.ar\/sitio\/wp-json\/wp\/v2\/media?parent=1796"}],"curies":[{"name":"wp","href":"https:\/\/api.w.org\/{rel}","templated":true}]}}